{"id":8,"date":"2018-03-30T15:25:07","date_gmt":"2018-03-30T15:25:07","guid":{"rendered":"http:\/\/195.201.98.141\/?page_id=8"},"modified":"2018-03-30T18:15:41","modified_gmt":"2018-03-30T18:15:41","slug":"curriculum-vitae","status":"publish","type":"page","link":"https:\/\/www.cdorde.com\/index.php\/curriculum-vitae\/","title":{"rendered":"Curriculum Vitae"},"content":{"rendered":"<p>&nbsp;<\/p>\n<p>&nbsp;<\/p>\n<table style=\"height: 1924px;\" width=\"528\">\n<tbody>\n<tr>\n<td colspan=\"2\">\n<h1>PERSONAL INFORMATION<\/h1>\n<hr \/>\n<\/td>\n<\/tr>\n<tr>\n<td width=\"20%\">Name:<\/td>\n<td>\u0110or\u0111e Cvijanovi\u0107<\/td>\n<\/tr>\n<tr>\n<td>Date of Birth:<\/td>\n<td>19 April 1973<\/td>\n<\/tr>\n<tr>\n<td>Email:<\/td>\n<td><span id=\"cloak66624\"><a href=\"mailto:cdorde@gmail.com\">cdorde@gmail.com<\/a><\/span><\/td>\n<\/tr>\n<tr>\n<td><\/td>\n<td><\/td>\n<\/tr>\n<tr>\n<td colspan=\"2\">\n<h1>EDUCATION HISTORY<\/h1>\n<hr \/>\n<\/td>\n<\/tr>\n<tr>\n<td>\u00a0Apeiron University, Banja Luka<\/td>\n<td><\/td>\n<\/tr>\n<tr>\n<td>\u00a0Faculty of Information Technologies<\/td>\n<td>\u00a0January 2006 to January 2008<\/td>\n<\/tr>\n<tr>\n<td>\u00a0Computer engineering , Bachelor&#8217;s degree<\/td>\n<td><\/td>\n<\/tr>\n<tr>\n<td><\/td>\n<td><\/td>\n<\/tr>\n<tr>\n<td colspan=\"2\">\n<h1>EMPLOYMENT HISTORY<\/h1>\n<hr \/>\n<\/td>\n<\/tr>\n<tr>\n<td>CEO Advisor, IDDEEA B&amp;H<br \/>\nFebruary 2009 to Today<br \/>\nBanja Luka<\/td>\n<td rowspan=\"3\">Project Management:Passport Issuing System of Bosnia and Herzegovina,e-ID of B&amp;H, Digital\u00a0Tachograph Card of B&amp;H.<\/p>\n<p>Softare Development: Java Card Applets for B&amp;H eID and Passport (Suplemental Acces Control), Chip Coding Dll for Muehlbauer SCP5600 and ID50 machines, Production Management Software for eID and ePassport<\/td>\n<\/tr>\n<tr>\n<td><\/td>\n<td><\/td>\n<\/tr>\n<tr>\n<td rowspan=\"2\"><\/td>\n<\/tr>\n<tr>\n<td><\/td>\n<td><\/td>\n<\/tr>\n<tr>\n<td>Senior Developer, CIPS B&amp;H<\/td>\n<td rowspan=\"3\">Developing application for Citizen Information Protection System of Bosnia and Herzegovina:Vehicle\u00a0Registration, Visa Issuing System of Bosnia and Herzegovina<\/td>\n<\/tr>\n<tr>\n<td>January 2002 to February 2009<\/td>\n<\/tr>\n<tr>\n<td>Sarajevo<\/td>\n<\/tr>\n<tr>\n<td><\/td>\n<td><\/td>\n<\/tr>\n<tr>\n<td>Senior Developer, Ministry of Internal Affairs<\/td>\n<td rowspan=\"3\">Developing application for Police: IDs, Vehicle Registration, Searches, Crim Inteligence System, Police\u00a0Reporting System (ICITAP)<\/td>\n<\/tr>\n<tr>\n<td>January 1997 to January 2006<\/td>\n<\/tr>\n<tr>\n<td>Doboj<\/td>\n<\/tr>\n<tr>\n<td><\/td>\n<td><\/td>\n<\/tr>\n<tr>\n<td>Senior Developer, Brckogas Insurance<\/td>\n<td rowspan=\"3\">Developing web based (Oracle Apex) Information System for Insurance Company<\/td>\n<\/tr>\n<tr>\n<td>January 2010<\/td>\n<\/tr>\n<tr>\n<td>Banja Luka<\/td>\n<\/tr>\n<tr>\n<td><\/td>\n<td><\/td>\n<\/tr>\n<tr>\n<td>Developer, Jahorina Insurance (Wiena Group)<\/td>\n<td rowspan=\"3\">Devloping Clipper application for Insurance Company (my father worked in insurance for 30 years)<\/td>\n<\/tr>\n<tr>\n<td>January 1997 to January 2004<\/td>\n<\/tr>\n<tr>\n<td>Doboj<\/td>\n<\/tr>\n<tr>\n<td><\/td>\n<td>&nbsp;<\/p>\n<p>&nbsp;<\/td>\n<\/tr>\n<tr>\n<td colspan=\"2\">\n<h1>SKILLS<\/h1>\n<hr \/>\n<\/td>\n<\/tr>\n<tr>\n<td><\/td>\n<td><\/td>\n<\/tr>\n<tr>\n<td>Oracle OCP &#8211; Database Administrator<\/td>\n<td>Advanced<\/td>\n<\/tr>\n<tr>\n<td>C#, VB, Microsoft .NET<\/td>\n<td><\/td>\n<\/tr>\n<tr>\n<td>PHP, Python, Perl<\/td>\n<td><\/td>\n<\/tr>\n<tr>\n<tr>\n<td>Android, Angular, Apache Cordova<\/td>\n<td><\/td>\n<\/tr>\n<tr>\n<td>MySql, PostgreSQL , MS SQL Server<\/td>\n<td><\/td>\n<\/tr>\n<tr>\n<td>Linux Network Administration<\/td>\n<td><\/td>\n<\/tr>\n<tr>\n<td>Cryptography, Smart Cards, PKCS#11, PKCS#15, Java Card Applet (SAC compatibile applet for eID &#038; ePassport)<\/td>\n<td><\/td>\n<\/tr>\n<tr>\n<td>Chip Coding Perso and Production Managment software for Muehlbauer (SCP5600, ID50, &#8230;) and Atlantic Zeiser machines (PersoMaster)<\/td>\n<td><\/td>\n<\/tr>\n<tr>\n<td><\/td>\n<td><\/td>\n<\/tr>\n<tr>\n<td colspan=\"2\">LANGUAGES<\/td>\n<\/tr>\n<tr>\n<td width=\"50%\">English<\/td>\n<td>\u00a0Good , Advanced<\/td>\n<\/tr>\n<tr>\n<td><\/td>\n<td><\/td>\n<\/tr>\n<tr>\n<td><\/td>\n<td><\/td>\n<\/tr>\n<tr>\n<td><\/td>\n<td><\/td>\n<\/tr>\n<\/tbody>\n<\/table>\n","protected":false},"excerpt":{"rendered":"<p>&nbsp; &nbsp; PERSONAL INFORMATION Name: \u0110or\u0111e Cvijanovi\u0107 Date of Birth: 19 April 1973 Email: cdorde@gmail.com EDUCATION HISTORY \u00a0Apeiron University, Banja Luka \u00a0Faculty of Information Technologies \u00a0January 2006 to January 2008 \u00a0Computer engineering , Bachelor&#8217;s degree EMPLOYMENT HISTORY CEO Advisor, IDDEEA B&amp;H February 2009 to Today Banja Luka Project Management:Passport Issuing System of Bosnia and Herzegovina,e-ID &hellip; <\/p>\n<p class=\"link-more\"><a href=\"https:\/\/www.cdorde.com\/index.php\/curriculum-vitae\/\" class=\"more-link\">Continue reading<span class=\"screen-reader-text\"> &#8220;Curriculum Vitae&#8221;<\/span><\/a><\/p>\n","protected":false},"author":1,"featured_media":0,"parent":0,"menu_order":0,"comment_status":"closed","ping_status":"closed","template":"","meta":{"ngg_post_thumbnail":0,"footnotes":""},"class_list":["post-8","page","type-page","status-publish","hentry"],"_links":{"self":[{"href":"https:\/\/www.cdorde.com\/index.php\/wp-json\/wp\/v2\/pages\/8","targetHints":{"allow":["GET"]}}],"collection":[{"href":"https:\/\/www.cdorde.com\/index.php\/wp-json\/wp\/v2\/pages"}],"about":[{"href":"https:\/\/www.cdorde.com\/index.php\/wp-json\/wp\/v2\/types\/page"}],"author":[{"embeddable":true,"href":"https:\/\/www.cdorde.com\/index.php\/wp-json\/wp\/v2\/users\/1"}],"replies":[{"embeddable":true,"href":"https:\/\/www.cdorde.com\/index.php\/wp-json\/wp\/v2\/comments?post=8"}],"version-history":[{"count":10,"href":"https:\/\/www.cdorde.com\/index.php\/wp-json\/wp\/v2\/pages\/8\/revisions"}],"predecessor-version":[{"id":62,"href":"https:\/\/www.cdorde.com\/index.php\/wp-json\/wp\/v2\/pages\/8\/revisions\/62"}],"wp:attachment":[{"href":"https:\/\/www.cdorde.com\/index.php\/wp-json\/wp\/v2\/media?parent=8"}],"curies":[{"name":"wp","href":"https:\/\/api.w.org\/{rel}","templated":true}]}}