{"id":1290,"date":"2025-07-28T10:49:43","date_gmt":"2025-07-28T08:49:43","guid":{"rendered":"https:\/\/www.cdorde.com\/?page_id=1290"},"modified":"2025-07-28T11:14:10","modified_gmt":"2025-07-28T09:14:10","slug":"aljosino-krstenje-krusedol-banstol-20-07-2025-godine","status":"publish","type":"page","link":"https:\/\/www.cdorde.com\/index.php\/galerije\/aljosino-krstenje-krusedol-banstol-20-07-2025-godine\/","title":{"rendered":"Aljo\u0161ino kr\u0161tenje &#8211; Kru\u0161edol, Banstol 20.07.2025. godine"},"content":{"rendered":"","protected":true},"excerpt":{"rendered":"","protected":true},"author":1,"featured_media":0,"parent":117,"menu_order":0,"comment_status":"closed","ping_status":"closed","template":"","meta":{"ngg_post_thumbnail":0,"footnotes":""},"class_list":["post-1290","page","type-page","status-publish","post-password-required","hentry"],"_links":{"self":[{"href":"https:\/\/www.cdorde.com\/index.php\/wp-json\/wp\/v2\/pages\/1290","targetHints":{"allow":["GET"]}}],"collection":[{"href":"https:\/\/www.cdorde.com\/index.php\/wp-json\/wp\/v2\/pages"}],"about":[{"href":"https:\/\/www.cdorde.com\/index.php\/wp-json\/wp\/v2\/types\/page"}],"author":[{"embeddable":true,"href":"https:\/\/www.cdorde.com\/index.php\/wp-json\/wp\/v2\/users\/1"}],"replies":[{"embeddable":true,"href":"https:\/\/www.cdorde.com\/index.php\/wp-json\/wp\/v2\/comments?post=1290"}],"version-history":[{"count":6,"href":"https:\/\/www.cdorde.com\/index.php\/wp-json\/wp\/v2\/pages\/1290\/revisions"}],"predecessor-version":[{"id":1408,"href":"https:\/\/www.cdorde.com\/index.php\/wp-json\/wp\/v2\/pages\/1290\/revisions\/1408"}],"up":[{"embeddable":true,"href":"https:\/\/www.cdorde.com\/index.php\/wp-json\/wp\/v2\/pages\/117"}],"wp:attachment":[{"href":"https:\/\/www.cdorde.com\/index.php\/wp-json\/wp\/v2\/media?parent=1290"}],"curies":[{"name":"wp","href":"https:\/\/api.w.org\/{rel}","templated":true}]}}