{"id":117,"date":"2021-07-20T09:38:29","date_gmt":"2021-07-20T09:38:29","guid":{"rendered":"https:\/\/www.cdorde.com\/?page_id=117"},"modified":"2025-07-28T10:51:44","modified_gmt":"2025-07-28T08:51:44","slug":"galerije","status":"publish","type":"page","link":"https:\/\/www.cdorde.com\/index.php\/galerije\/","title":{"rendered":"Galerije"},"content":{"rendered":"\n<h2 class=\"wp-block-heading\"><a href=\"https:\/\/www.cdorde.com\/index.php\/aljosino-krstenje-krusedol-banstol-20-07-2025-godine\/\" data-type=\"page\" data-id=\"165\">Kr\u0161tenje Aljo\u0161e &#8211; Kru\u0161edol 20.07.2025. godine<\/a><\/h2>\n\n\n\n<h2 class=\"wp-block-heading\"> <a href=\"https:\/\/www.cdorde.com\/index.php\/galerija\/vjencanje-seke-i-kice-07-05-2022-godine\" data-type=\"URL\">Vjen\u010danje Seke i Ki\u0107e &#8211; Doboj 07.05.2022. godine<\/a> <\/h2>\n\n\n\n<h2 class=\"wp-block-heading\"><a href=\"https:\/\/www.cdorde.com\/index.php\/galerija\/vjeridba-seke-i-kice-17-07-2021-godine-kotorsko\/\" data-type=\"page\" data-id=\"165\">Vjeridba Seke i Ki\u0107e &#8211; Kotorsko 17.07.2021. godine<\/a><\/h2>\n\n\n\n<p><\/p>\n\n\n\n<p><\/p>\n\n\n\n<p><\/p>\n","protected":false},"excerpt":{"rendered":"<p>Kr\u0161tenje Aljo\u0161e &#8211; Kru\u0161edol 20.07.2025. godine Vjen\u010danje Seke i Ki\u0107e &#8211; Doboj 07.05.2022. godine Vjeridba Seke i Ki\u0107e &#8211; Kotorsko 17.07.2021. godine<\/p>\n","protected":false},"author":1,"featured_media":0,"parent":0,"menu_order":0,"comment_status":"closed","ping_status":"closed","template":"","meta":{"ngg_post_thumbnail":0,"footnotes":""},"class_list":["post-117","page","type-page","status-publish","hentry"],"_links":{"self":[{"href":"https:\/\/www.cdorde.com\/index.php\/wp-json\/wp\/v2\/pages\/117","targetHints":{"allow":["GET"]}}],"collection":[{"href":"https:\/\/www.cdorde.com\/index.php\/wp-json\/wp\/v2\/pages"}],"about":[{"href":"https:\/\/www.cdorde.com\/index.php\/wp-json\/wp\/v2\/types\/page"}],"author":[{"embeddable":true,"href":"https:\/\/www.cdorde.com\/index.php\/wp-json\/wp\/v2\/users\/1"}],"replies":[{"embeddable":true,"href":"https:\/\/www.cdorde.com\/index.php\/wp-json\/wp\/v2\/comments?post=117"}],"version-history":[{"count":14,"href":"https:\/\/www.cdorde.com\/index.php\/wp-json\/wp\/v2\/pages\/117\/revisions"}],"predecessor-version":[{"id":1293,"href":"https:\/\/www.cdorde.com\/index.php\/wp-json\/wp\/v2\/pages\/117\/revisions\/1293"}],"wp:attachment":[{"href":"https:\/\/www.cdorde.com\/index.php\/wp-json\/wp\/v2\/media?parent=117"}],"curies":[{"name":"wp","href":"https:\/\/api.w.org\/{rel}","templated":true}]}}